{"id":838,"date":"2016-07-14T11:26:14","date_gmt":"2016-07-14T09:26:14","guid":{"rendered":"https:\/\/larus.ch\/fr\/impressum\/"},"modified":"2019-03-25T18:59:01","modified_gmt":"2019-03-25T17:59:01","slug":"impressum","status":"publish","type":"page","link":"https:\/\/larus.ch\/fr\/impressum\/","title":{"rendered":"Impressum"},"content":{"rendered":"<h3>Contenu et r\u00e9daction<\/h3>\n<p>Pletscher + Co. AG<br \/>\nOberwiesenweg 5<br \/>\nCH-8226 Schleitheim<\/p>\n<p>T\u00e9l\u00e9phone +41 52 687 42 42<br \/>\nFax +41 52 687 42 40<\/p>\n<p><div class=\"fusion-fullwidth fullwidth-box fusion-builder-row-1 hundred-percent-fullwidth non-hundred-percent-height-scrolling\" style=\"--awb-border-radius-top-left:0px;--awb-border-radius-top-right:0px;--awb-border-radius-bottom-right:0px;--awb-border-radius-bottom-left:0px;--awb-overflow:visible;--awb-margin-top:20px;--awb-margin-bottom:10px;--awb-background-color:rgba(255,255,255,0);--awb-flex-wrap:wrap;\" ><div class=\"fusion-builder-row fusion-row\"><div class=\"fusion-layout-column fusion_builder_column fusion-builder-column-0 fusion_builder_column_1_1 1_1 fusion-one-full fusion-column-first fusion-column-last fusion-column-no-min-height\" style=\"--awb-bg-size:cover;--awb-margin-bottom:0px;\"><div class=\"fusion-column-wrapper fusion-flex-column-wrapper-legacy\"><div class=\"fusion-sep-clear\"><\/div><div class=\"fusion-separator fusion-full-width-sep\" style=\"margin-left: auto;margin-right: auto;width:100%;\"><div class=\"fusion-separator-border sep-single sep-solid\" style=\"--awb-height:20px;--awb-amount:20px;border-color:#e0dede;border-top-width:1px;\"><\/div><\/div><div class=\"fusion-sep-clear\"><\/div>\n<h3>R\u00e9alisation<\/h3>\n<p>GUT WERBUNG<br \/>\nKonstanzerstrasse 3<br \/>\n8280 Kreuzlingen<br \/>\n<a href=\"http:\/\/gut-werbung.ch\" target=\"_blank\">www.gut-werbung.ch<\/a><\/p>\n<div class=\"fusion-clearfix\"><\/div><\/div><\/div><\/div><\/div><div class=\"fusion-fullwidth fullwidth-box fusion-builder-row-2 hundred-percent-fullwidth non-hundred-percent-height-scrolling\" style=\"--awb-border-radius-top-left:0px;--awb-border-radius-top-right:0px;--awb-border-radius-bottom-right:0px;--awb-border-radius-bottom-left:0px;--awb-overflow:visible;--awb-margin-top:20px;--awb-margin-bottom:10px;--awb-background-color:rgba(255,255,255,0);--awb-flex-wrap:wrap;\" ><div class=\"fusion-builder-row fusion-row\"><div class=\"fusion-layout-column fusion_builder_column fusion-builder-column-1 fusion_builder_column_1_1 1_1 fusion-one-full fusion-column-first fusion-column-last fusion-column-no-min-height\" style=\"--awb-bg-size:cover;--awb-margin-bottom:0px;\"><div class=\"fusion-column-wrapper fusion-flex-column-wrapper-legacy\"><div class=\"fusion-sep-clear\"><\/div><div class=\"fusion-separator fusion-full-width-sep\" style=\"margin-left: auto;margin-right: auto;width:100%;\"><div class=\"fusion-separator-border sep-single sep-solid\" style=\"--awb-height:20px;--awb-amount:20px;border-color:#e0dede;border-top-width:1px;\"><\/div><\/div><div class=\"fusion-sep-clear\"><\/div>\n<h3>Registre du commerce de canton Schaffhouse<\/h3>\n<p>Num\u00e9ro d&rsquo;entreprise: CHE-101.718.520<\/p>\n<div class=\"fusion-clearfix\"><\/div><\/div><\/div><\/div><\/div><div class=\"fusion-fullwidth fullwidth-box fusion-builder-row-3 hundred-percent-fullwidth non-hundred-percent-height-scrolling\" style=\"--awb-border-radius-top-left:0px;--awb-border-radius-top-right:0px;--awb-border-radius-bottom-right:0px;--awb-border-radius-bottom-left:0px;--awb-overflow:visible;--awb-margin-top:20px;--awb-margin-bottom:10px;--awb-background-color:rgba(255,255,255,0);--awb-flex-wrap:wrap;\" ><div class=\"fusion-builder-row fusion-row\"><div class=\"fusion-layout-column fusion_builder_column fusion-builder-column-2 fusion_builder_column_1_1 1_1 fusion-one-full fusion-column-first fusion-column-last fusion-column-no-min-height\" style=\"--awb-bg-size:cover;--awb-margin-bottom:0px;\"><div class=\"fusion-column-wrapper fusion-flex-column-wrapper-legacy\"><div class=\"fusion-sep-clear\"><\/div><div class=\"fusion-separator fusion-full-width-sep\" style=\"margin-left: auto;margin-right: auto;width:100%;\"><div class=\"fusion-separator-border sep-single sep-solid\" style=\"--awb-height:20px;--awb-amount:20px;border-color:#e0dede;border-top-width:1px;\"><\/div><\/div><div class=\"fusion-sep-clear\"><\/div>\n<h3>Contenu responsable selon \u00a7 10 paragraphe 3 MDStV:<\/h3>\n<p>Andr\u00e9 Guldimann (l&rsquo;adresse voir plus haut)<\/p>\n<div class=\"fusion-clearfix\"><\/div><\/div><\/div><\/div><\/div><div class=\"fusion-fullwidth fullwidth-box fusion-builder-row-4 hundred-percent-fullwidth non-hundred-percent-height-scrolling\" style=\"--awb-border-radius-top-left:0px;--awb-border-radius-top-right:0px;--awb-border-radius-bottom-right:0px;--awb-border-radius-bottom-left:0px;--awb-overflow:visible;--awb-margin-top:20px;--awb-margin-bottom:10px;--awb-background-color:rgba(255,255,255,0);--awb-flex-wrap:wrap;\" ><div class=\"fusion-builder-row fusion-row\"><div class=\"fusion-layout-column fusion_builder_column fusion-builder-column-3 fusion_builder_column_1_1 1_1 fusion-one-full fusion-column-first fusion-column-last fusion-column-no-min-height\" style=\"--awb-bg-size:cover;--awb-margin-bottom:0px;\"><div class=\"fusion-column-wrapper fusion-flex-column-wrapper-legacy\"><div class=\"fusion-sep-clear\"><\/div><div class=\"fusion-separator fusion-full-width-sep\" style=\"margin-left: auto;margin-right: auto;width:100%;\"><div class=\"fusion-separator-border sep-single sep-solid\" style=\"--awb-height:20px;--awb-amount:20px;border-color:#e0dede;border-top-width:1px;\"><\/div><\/div><div class=\"fusion-sep-clear\"><\/div>\n<h3>Copyright<\/h3>\n<p>\u00a9 <script>document.write(new Date().getFullYear());<\/script> Pletscher + Co. AG (ci-apr\u00e8s \u00ab\u00a0Propri\u00e9taire\u00a0\u00bb ou \u00ab\u00a0Auteur\u00a0\u00bb). Tous les droits de reproduction sont r\u00e9serv\u00e9s. Tous les \u00e9l\u00e9ments de nos sites Internet, la conception du site ainsi que l\u2019ensemble des textes, des illustrations, des documents t\u00e9l\u00e9chargeables etc. sont la propri\u00e9t\u00e9 intellectuelle du Propri\u00e9taire et prot\u00e9g\u00e9s par la loi. La reproduction partielle ou totale du site sur papier ou support \u00e9lectronique quel qu\u2019il soit est interdite, sauf autorisation expresse du Propri\u00e9taire.<\/p>\n<div class=\"fusion-clearfix\"><\/div><\/div><\/div><\/div><\/div><div class=\"fusion-fullwidth fullwidth-box fusion-builder-row-5 hundred-percent-fullwidth non-hundred-percent-height-scrolling\" style=\"--awb-border-radius-top-left:0px;--awb-border-radius-top-right:0px;--awb-border-radius-bottom-right:0px;--awb-border-radius-bottom-left:0px;--awb-overflow:visible;--awb-margin-top:20px;--awb-margin-bottom:10px;--awb-background-color:rgba(255,255,255,0);--awb-flex-wrap:wrap;\" ><div class=\"fusion-builder-row fusion-row\"><div class=\"fusion-layout-column fusion_builder_column fusion-builder-column-4 fusion_builder_column_1_1 1_1 fusion-one-full fusion-column-first fusion-column-last fusion-column-no-min-height\" style=\"--awb-bg-size:cover;--awb-margin-bottom:0px;\"><div class=\"fusion-column-wrapper fusion-flex-column-wrapper-legacy\"><div class=\"fusion-sep-clear\"><\/div><div class=\"fusion-separator fusion-full-width-sep\" style=\"margin-left: auto;margin-right: auto;width:100%;\"><div class=\"fusion-separator-border sep-single sep-solid\" style=\"--awb-height:20px;--awb-amount:20px;border-color:#e0dede;border-top-width:1px;\"><\/div><\/div><div class=\"fusion-sep-clear\"><\/div>\n<h3><span lang=\"FR\">Contenu de l\u2019offre en ligne<\/span><\/h3>\n<p><span lang=\"FR\">Le Propri\u00e9taire n\u2019engage aucune responsabilit\u00e9 concernant l\u2019actualit\u00e9, l&rsquo;exactitude, l\u2019int\u00e9grit\u00e9 ou la qualit\u00e9 des informations mises \u00e0 disposition. Les droits de recours en responsabilit\u00e9 engag\u00e9s \u00e0 l\u2019encontre de l\u2019Auteur pour des dommages de natures mat\u00e9rielle ou id\u00e9elle caus\u00e9s par l\u2019utilisation ou la non-utilisation des informations propos\u00e9es ou par l\u2019utilisation d\u2019informations erron\u00e9es ou incompl\u00e8tes sont en principe exclus, tant qu\u2019il ne peut \u00eatre prouv\u00e9 que l&rsquo;auteur ait commis une faute intentionnelle ou une n\u00e9gligence grossi\u00e8re. Toutes les offres sont sans engagement et non contractuelles. L\u2019Auteur se r\u00e9serve express\u00e9ment le droit de modifier, compl\u00e9ter, supprimer tout ou partie de l\u2019offre en ligne, ou de suspendre temporairement ou d\u00e9finitivement la publication sans avertissement pr\u00e9alable.<\/span><\/p>\n<div class=\"fusion-clearfix\"><\/div><\/div><\/div><\/div><\/div><div class=\"fusion-fullwidth fullwidth-box fusion-builder-row-6 hundred-percent-fullwidth non-hundred-percent-height-scrolling\" style=\"--awb-border-radius-top-left:0px;--awb-border-radius-top-right:0px;--awb-border-radius-bottom-right:0px;--awb-border-radius-bottom-left:0px;--awb-overflow:visible;--awb-margin-top:20px;--awb-margin-bottom:10px;--awb-background-color:rgba(255,255,255,0);--awb-flex-wrap:wrap;\" ><div class=\"fusion-builder-row fusion-row\"><div class=\"fusion-layout-column fusion_builder_column fusion-builder-column-5 fusion_builder_column_1_1 1_1 fusion-one-full fusion-column-first fusion-column-last fusion-column-no-min-height\" style=\"--awb-bg-size:cover;--awb-margin-bottom:0px;\"><div class=\"fusion-column-wrapper fusion-flex-column-wrapper-legacy\"><div class=\"fusion-sep-clear\"><\/div><div class=\"fusion-separator fusion-full-width-sep\" style=\"margin-left: auto;margin-right: auto;width:100%;\"><div class=\"fusion-separator-border sep-single sep-solid\" style=\"--awb-height:20px;--awb-amount:20px;border-color:#e0dede;border-top-width:1px;\"><\/div><\/div><div class=\"fusion-sep-clear\"><\/div>\n<h3><span lang=\"FR\">R\u00e9f\u00e9rences et liens<\/span><\/h3>\n<p><span lang=\"FR\">Concernant les r\u00e9f\u00e9rences directes ou indirectes \u00e0 des sites Internet externes (liens) ne relevant pas de la responsabilit\u00e9 de l\u2019Auteur, une obligation de responsabilit\u00e9 entrerait exclusivement en vigueur dans le cas o\u00f9 l\u2019Auteur aurait connaissance des contenus et qu&rsquo;il lui serait techniquement possible et imputable d\u2019en emp\u00eacher l&rsquo;utilisation si ces derniers sont contraires \u00e0 la loi. Ainsi, l\u2019Auteur d\u00e9clare express\u00e9ment qu\u2019au moment de la mise en place des liens, les sites correspondants ne comportaient aucun contenu ill\u00e9gal. L\u2019Auteur n\u2019a aucune influence sur la conception actuelle et future, ni sur les contenus des sites associ\u00e9s ou accessibles via les liens. Aussi prend-il express\u00e9ment ses distances vis-\u00e0-vis de des contenus de tous les sites accessibles via les liens ayant \u00e9t\u00e9 modifi\u00e9s apr\u00e8s la mise en place des liens. Cette constatation s\u2019applique \u00e0 tous liens mis en place sur le site Internet de l\u2019Auteur, aux r\u00e9f\u00e9rences ainsi qu\u2019aux posts de tiers dans les livres d\u2019or, forums de discussion et listes de diffusion \u00e9tablis par l\u2019Auteur. Pour les contenus ill\u00e9gaux, erron\u00e9s ou incomplets et en particulier pour les dommages cons\u00e9cutifs \u00e0 l\u2019utilisation ou \u00e0 la non-utilisation de telles informations accessibles, c&rsquo;est le fournisseur du site auquel il a \u00e9t\u00e9 renvoy\u00e9 qui engage \u00e0 lui seul sa responsabilit\u00e9, et non celui qui renvoie \u00e0 ces publications par le biais de liens.<\/span><\/p>\n<p><span lang=\"FR\">Si vous constatez l&rsquo;existence de sites ill\u00e9gaux accessibles via des liens hypertexte, nous vous prions d&rsquo;en aviser info(at)pletscherholz.ch. Nous proc\u00e9derons alors \u00e0 une v\u00e9rification, pour supprimer les liens, le cas \u00e9ch\u00e9ant.<\/span><\/p>\n<div class=\"fusion-clearfix\"><\/div><\/div><\/div><\/div><\/div><div class=\"fusion-fullwidth fullwidth-box fusion-builder-row-7 hundred-percent-fullwidth non-hundred-percent-height-scrolling\" style=\"--awb-border-radius-top-left:0px;--awb-border-radius-top-right:0px;--awb-border-radius-bottom-right:0px;--awb-border-radius-bottom-left:0px;--awb-overflow:visible;--awb-margin-top:20px;--awb-margin-bottom:10px;--awb-background-color:rgba(255,255,255,0);--awb-flex-wrap:wrap;\" ><div class=\"fusion-builder-row fusion-row\"><div class=\"fusion-layout-column fusion_builder_column fusion-builder-column-6 fusion_builder_column_1_1 1_1 fusion-one-full fusion-column-first fusion-column-last fusion-column-no-min-height\" style=\"--awb-bg-size:cover;--awb-margin-bottom:0px;\"><div class=\"fusion-column-wrapper fusion-flex-column-wrapper-legacy\"><div class=\"fusion-sep-clear\"><\/div><div class=\"fusion-separator fusion-full-width-sep\" style=\"margin-left: auto;margin-right: auto;width:100%;\"><div class=\"fusion-separator-border sep-single sep-solid\" style=\"--awb-height:20px;--awb-amount:20px;border-color:#e0dede;border-top-width:1px;\"><\/div><\/div><div class=\"fusion-sep-clear\"><\/div>\n<h3><span lang=\"FR\">Droit d\u2019auteur, droit des marques et droit des signes distinctifs<\/span><\/h3>\n<p>Dans l\u2019ensemble de ses publications, l\u2019Auteur entend respecter les droits d\u2019auteur des illustrations, documents sonores, s\u00e9quences vid\u00e9o et textes utilis\u00e9s, ou d\u2019utiliser uniquement ces supports s\u2019il les a lui-m\u00eame r\u00e9alis\u00e9s, s\u2019ils sont libres de droits ou s\u2019il poss\u00e8de la licence obligatoire. Tous les noms de marques et les marques d\u00e9pos\u00e9es cit\u00e9s sur le contenu en ligne et, le cas \u00e9ch\u00e9ant, prot\u00e9g\u00e9s par des tiers sont soumis sans restriction aux dispositions du droit des signes distinctifs applicable et du droit d\u2019auteur du propri\u00e9taire enregistr\u00e9. Le seul fait qu&rsquo;ils soient mentionn\u00e9s ne signifie pas que les noms de marques ne sont pas prot\u00e9g\u00e9s par les droits d\u2019autrui\u00a0!<br \/>\nCiter des noms d\u2019entreprises, des d\u00e9signations de produits, des noms de marques ou de marques d\u00e9pos\u00e9es se fait en reconnaissance de l\u2019ensemble des droits de leurs propri\u00e9taires respectifs. Leur mention sert uniquement \u00e0 indiquer la destination de nos produits et de nos prestations.<\/p>\n<div class=\"fusion-clearfix\"><\/div><\/div><\/div><\/div><\/div><div class=\"fusion-fullwidth fullwidth-box fusion-builder-row-8 hundred-percent-fullwidth non-hundred-percent-height-scrolling\" style=\"--awb-border-radius-top-left:0px;--awb-border-radius-top-right:0px;--awb-border-radius-bottom-right:0px;--awb-border-radius-bottom-left:0px;--awb-overflow:visible;--awb-margin-top:20px;--awb-margin-bottom:10px;--awb-background-color:rgba(255,255,255,0);--awb-flex-wrap:wrap;\" ><div class=\"fusion-builder-row fusion-row\"><div class=\"fusion-layout-column fusion_builder_column fusion-builder-column-7 fusion_builder_column_1_1 1_1 fusion-one-full fusion-column-first fusion-column-last fusion-column-no-min-height\" style=\"--awb-bg-size:cover;--awb-margin-bottom:0px;\"><div class=\"fusion-column-wrapper fusion-flex-column-wrapper-legacy\"><div class=\"fusion-sep-clear\"><\/div><div class=\"fusion-separator fusion-full-width-sep\" style=\"margin-left: auto;margin-right: auto;width:100%;\"><div class=\"fusion-separator-border sep-single sep-solid\" style=\"--awb-height:20px;--awb-amount:20px;border-color:#e0dede;border-top-width:1px;\"><\/div><\/div><div class=\"fusion-sep-clear\"><\/div>\n<h3><span lang=\"FR\">Pas d\u2019avertissement avant contact pr\u00e9alable<\/span><\/h3>\n<p><span lang=\"FR\">Si le contenu ou la pr\u00e9sentation de ce site Internet venait \u00e0 porter atteinte aux droits d\u2019autrui ou aux dispositions l\u00e9gales, nous vous prions de nous en informer, sans frais. Les passages incrimin\u00e9s \u00e0 raison seront imm\u00e9diatement supprim\u00e9s, de sorte que l\u2019intervention d&rsquo;une assistance juridique ne sera pas n\u00e9cessaire. Tous frais engag\u00e9s avant prise de contact pr\u00e9alable seront refus\u00e9s en int\u00e9gralit\u00e9 et feront \u00e9ventuellement l&rsquo;objet d&rsquo;un recours de notre part pour violation des conditions cit\u00e9es ci-dessus.<\/span><\/p>\n<div class=\"fusion-clearfix\"><\/div><\/div><\/div><\/div><\/div><div class=\"fusion-fullwidth fullwidth-box fusion-builder-row-9 hundred-percent-fullwidth non-hundred-percent-height-scrolling\" style=\"--awb-border-radius-top-left:0px;--awb-border-radius-top-right:0px;--awb-border-radius-bottom-right:0px;--awb-border-radius-bottom-left:0px;--awb-overflow:visible;--awb-margin-top:20px;--awb-margin-bottom:10px;--awb-background-color:rgba(255,255,255,0);--awb-flex-wrap:wrap;\" ><div class=\"fusion-builder-row fusion-row\"><div class=\"fusion-layout-column fusion_builder_column fusion-builder-column-8 fusion_builder_column_1_1 1_1 fusion-one-full fusion-column-first fusion-column-last fusion-column-no-min-height\" style=\"--awb-bg-size:cover;--awb-margin-bottom:0px;\"><div class=\"fusion-column-wrapper fusion-flex-column-wrapper-legacy\"><div class=\"fusion-sep-clear\"><\/div><div class=\"fusion-separator fusion-full-width-sep\" style=\"margin-left: auto;margin-right: auto;width:100%;\"><div class=\"fusion-separator-border sep-single sep-solid\" style=\"--awb-height:20px;--awb-amount:20px;border-color:#e0dede;border-top-width:1px;\"><\/div><\/div><div class=\"fusion-sep-clear\"><\/div>\n<h3><span lang=\"FR\">Politique de confidentialit\u00e9 pour l\u2019utilisation de Google Analytics<\/span><\/h3>\n<p><span lang=\"FR\">Ce site Internet utilise Google Analytics, un service d\u2019analyse web de Google Inc. (\u00abGoogle\u00bb). Google Analytics utilise des \u00ab\u00a0Cookies\u00a0\u00bb, des fichiers texte qui sont enregistr\u00e9s sur votre ordinateur et qui permettent d\u2019analyser l&rsquo;utilisation du site Internet. Les informations recueillies par les cookies sur votre utilisation de ce site Internet (y compris votre adresse IP) seront transmises \u00e0 un serveur de Google aux USA puis enregistr\u00e9es.<\/span><\/p>\n<p><span lang=\"FR\">Google va utiliser ces informations pour \u00e9valuer votre utilisation du site Internet, \u00e9tablir des rapports sur les activit\u00e9s du site Internet \u00e0 l\u2019intention de ses exploitants et fournir d\u2019autres prestations en lien avec l\u2019utilisation du site et d\u2019Internet. Google est \u00e9galement susceptible de transmettre ces informations \u00e0 des tiers le cas \u00e9ch\u00e9ant, sous r\u00e9serve que les dispositions l\u00e9gales l&rsquo;autorisent ou que lesdits tiers traitent ces donn\u00e9es pour le compte de Google. En aucun cas Google ne recoupera votre adresse IP avec d\u2019autres donn\u00e9es de Google Inc..<br \/>\nVous pouvez d\u00e9sactiver l\u2019enregistrement des cookies avec le r\u00e9glage correspondant sur votre navigateur. Nous vous signalons cependant que vous pourriez dans ce cas ne pas pouvoir utiliser l\u2019ensemble des fonctions de ce site Internet dans leur int\u00e9gralit\u00e9. Vous pouvez \u00e9galement d\u00e9sactiver l\u2019enregistrement des donn\u00e9es enregistr\u00e9es par les cookies relatives \u00e0 votre utilisation du site Internet (y compris votre adresse IP), ainsi que leur traitement par Google, en t\u00e9l\u00e9chargeant et en installant sur votre navigateur le plugin disponible sur le lien suivant\u00a0:<\/span><\/p>\n<p><a href=\"http:\/\/tools.google.com\/dlpage\/gaoptout?hl=de\" target=\"_blank\">http:\/\/tools.google.com\/dlpage\/gaoptout?hl=de<\/a>.<\/p>\n<div class=\"fusion-clearfix\"><\/div><\/div><\/div><\/div><\/div><div class=\"fusion-fullwidth fullwidth-box fusion-builder-row-10 hundred-percent-fullwidth non-hundred-percent-height-scrolling\" style=\"--awb-border-radius-top-left:0px;--awb-border-radius-top-right:0px;--awb-border-radius-bottom-right:0px;--awb-border-radius-bottom-left:0px;--awb-overflow:visible;--awb-margin-top:20px;--awb-margin-bottom:10px;--awb-background-color:rgba(255,255,255,0);--awb-flex-wrap:wrap;\" ><div class=\"fusion-builder-row fusion-row\"><div class=\"fusion-layout-column fusion_builder_column fusion-builder-column-9 fusion_builder_column_1_1 1_1 fusion-one-full fusion-column-first fusion-column-last fusion-column-no-min-height\" style=\"--awb-bg-size:cover;--awb-margin-bottom:0px;\"><div class=\"fusion-column-wrapper fusion-flex-column-wrapper-legacy\"><div class=\"fusion-sep-clear\"><\/div><div class=\"fusion-separator fusion-full-width-sep\" style=\"margin-left: auto;margin-right: auto;width:100%;\"><div class=\"fusion-separator-border sep-single sep-solid\" style=\"--awb-height:20px;--awb-amount:20px;border-color:#e0dede;border-top-width:1px;\"><\/div><\/div><div class=\"fusion-sep-clear\"><\/div>\n<h3><span lang=\"FR\">Nous utilisons la version anonymis\u00e9e du code de suivi Google Analytics<\/span><\/h3>\n<p><span lang=\"FR\">Nous utilisons le code de suivi Google Analytics avec adresse IP masqu\u00e9e. Il ne permet pas d\u2019identifier formellement un visiteur.<\/span><div class=\"fusion-clearfix\"><\/div><\/div><\/div><\/div><\/div><\/p>\n","protected":false},"excerpt":{"rendered":"<p>Contenu et r\u00e9daction Pletscher + Co. AG Oberwiesenweg 5 CH-8226 Schleitheim T\u00e9l\u00e9phone +41 52 687 42 42 Fax +41 52 687 42 40<\/p>\n","protected":false},"author":3,"featured_media":0,"parent":0,"menu_order":100,"comment_status":"closed","ping_status":"closed","template":"","meta":{"footnotes":""},"class_list":["post-838","page","type-page","status-publish","hentry"],"_links":{"self":[{"href":"https:\/\/larus.ch\/fr\/wp-json\/wp\/v2\/pages\/838","targetHints":{"allow":["GET"]}}],"collection":[{"href":"https:\/\/larus.ch\/fr\/wp-json\/wp\/v2\/pages"}],"about":[{"href":"https:\/\/larus.ch\/fr\/wp-json\/wp\/v2\/types\/page"}],"author":[{"embeddable":true,"href":"https:\/\/larus.ch\/fr\/wp-json\/wp\/v2\/users\/3"}],"replies":[{"embeddable":true,"href":"https:\/\/larus.ch\/fr\/wp-json\/wp\/v2\/comments?post=838"}],"version-history":[{"count":5,"href":"https:\/\/larus.ch\/fr\/wp-json\/wp\/v2\/pages\/838\/revisions"}],"predecessor-version":[{"id":966,"href":"https:\/\/larus.ch\/fr\/wp-json\/wp\/v2\/pages\/838\/revisions\/966"}],"wp:attachment":[{"href":"https:\/\/larus.ch\/fr\/wp-json\/wp\/v2\/media?parent=838"}],"curies":[{"name":"wp","href":"https:\/\/api.w.org\/{rel}","templated":true}]}}